{"id":4057,"date":"2026-02-18T21:20:56","date_gmt":"2026-02-18T21:20:56","guid":{"rendered":"https:\/\/laureetdesbois.com\/?page_id=4057"},"modified":"2026-02-18T21:20:57","modified_gmt":"2026-02-18T21:20:57","slug":"mentions-legales","status":"publish","type":"page","link":"https:\/\/laureetdesbois.com\/en\/mentions-legales\/","title":{"rendered":"Legal Notice"},"content":{"rendered":"<p><\/p>\n\n\n\n<p>Full Name : Pourtier Laure<br>Sole Proprietorship : EI Pourtier Laure<br>Trade Name : Laure &amp; des bois<br>Address : 3 avenue F\u00e9licien blanc, 07110 Largenti\u00e8re<br>Email : laureetdesbois@gmail.com<br>Phone : 06.48.01.98.94<br>SIRET : 941 487 233 00012<br>SIREN : 941487233<br>Hosting Provider : Hostinger<br>Publishing Director : Pourtier Laure<\/p>","protected":false},"excerpt":{"rendered":"<p>Nom Pr\u00e9nom : Pourtier LaureEntreprise Individuelle : EI Pourtier LaureNom commercial : Laure &amp; des boisAdresse : 3 avenue F\u00e9licien blanc, 07110 Largenti\u00e8reEmail : laureetdesbois@gmail.comT\u00e9l\u00e9phone : 06.48.01.98.94SIRET : 941 487 233 00012SIREN : 941487233H\u00e9bergeur : HostingerDirecteur de publication : Laure Pourtier<\/p>","protected":false},"author":1,"featured_media":0,"parent":0,"menu_order":0,"comment_status":"closed","ping_status":"closed","template":"","meta":{"_uag_custom_page_level_css":"","site-sidebar-layout":"default","site-content-layout":"","ast-site-content-layout":"default","site-content-style":"default","site-sidebar-style":"default","ast-global-header-display":"","ast-banner-title-visibility":"","ast-main-header-display":"","ast-hfb-above-header-display":"","ast-hfb-below-header-display":"","ast-hfb-mobile-header-display":"","site-post-title":"","ast-breadcrumbs-content":"","ast-featured-img":"","footer-sml-layout":"","ast-disable-related-posts":"","theme-transparent-header-meta":"","adv-header-id-meta":"","stick-header-meta":"","header-above-stick-meta":"","header-main-stick-meta":"","header-below-stick-meta":"","astra-migrate-meta-layouts":"set","ast-page-background-enabled":"default","ast-page-background-meta":{"desktop":{"background-color":"var(--ast-global-color-4)","background-image":"","background-repeat":"repeat","background-position":"center center","background-size":"auto","background-attachment":"scroll","background-type":"","background-media":"","overlay-type":"","overlay-color":"","overlay-opacity":"","overlay-gradient":""},"tablet":{"background-color":"","background-image":"","background-repeat":"repeat","background-position":"center center","background-size":"auto","background-attachment":"scroll","background-type":"","background-media":"","overlay-type":"","overlay-color":"","overlay-opacity":"","overlay-gradient":""},"mobile":{"background-color":"","background-image":"","background-repeat":"repeat","background-position":"center center","background-size":"auto","background-attachment":"scroll","background-type":"","background-media":"","overlay-type":"","overlay-color":"","overlay-opacity":"","overlay-gradient":""}},"ast-content-background-meta":{"desktop":{"background-color":"var(--ast-global-color-5)","background-image":"","background-repeat":"repeat","background-position":"center center","background-size":"auto","background-attachment":"scroll","background-type":"","background-media":"","overlay-type":"","overlay-color":"","overlay-opacity":"","overlay-gradient":""},"tablet":{"background-color":"var(--ast-global-color-5)","background-image":"","background-repeat":"repeat","background-position":"center center","background-size":"auto","background-attachment":"scroll","background-type":"","background-media":"","overlay-type":"","overlay-color":"","overlay-opacity":"","overlay-gradient":""},"mobile":{"background-color":"var(--ast-global-color-5)","background-image":"","background-repeat":"repeat","background-position":"center center","background-size":"auto","background-attachment":"scroll","background-type":"","background-media":"","overlay-type":"","overlay-color":"","overlay-opacity":"","overlay-gradient":""}},"footnotes":""},"class_list":["post-4057","page","type-page","status-publish","hentry"],"uagb_featured_image_src":{"full":false,"thumbnail":false,"medium":false,"medium_large":false,"large":false,"1536x1536":false,"2048x2048":false,"trp-custom-language-flag":false,"woocommerce_thumbnail":false,"woocommerce_single":false,"woocommerce_gallery_thumbnail":false},"uagb_author_info":{"display_name":"laureetdesbois@gmail.com","author_link":"https:\/\/laureetdesbois.com\/en\/author\/laureetdesboisgmail-com\/"},"uagb_comment_info":0,"uagb_excerpt":"Nom Pr\u00e9nom : Pourtier LaureEntreprise Individuelle : EI Pourtier LaureNom commercial : Laure &amp; des boisAdresse : 3 avenue F\u00e9licien blanc, 07110 Largenti\u00e8reEmail : laureetdesbois@gmail.comT\u00e9l\u00e9phone : 06.48.01.98.94SIRET : 941 487 233 00012SIREN : 941487233H\u00e9bergeur : HostingerDirecteur de publication : Laure Pourtier","_links":{"self":[{"href":"https:\/\/laureetdesbois.com\/en\/wp-json\/wp\/v2\/pages\/4057","targetHints":{"allow":["GET"]}}],"collection":[{"href":"https:\/\/laureetdesbois.com\/en\/wp-json\/wp\/v2\/pages"}],"about":[{"href":"https:\/\/laureetdesbois.com\/en\/wp-json\/wp\/v2\/types\/page"}],"author":[{"embeddable":true,"href":"https:\/\/laureetdesbois.com\/en\/wp-json\/wp\/v2\/users\/1"}],"replies":[{"embeddable":true,"href":"https:\/\/laureetdesbois.com\/en\/wp-json\/wp\/v2\/comments?post=4057"}],"version-history":[{"count":1,"href":"https:\/\/laureetdesbois.com\/en\/wp-json\/wp\/v2\/pages\/4057\/revisions"}],"predecessor-version":[{"id":4059,"href":"https:\/\/laureetdesbois.com\/en\/wp-json\/wp\/v2\/pages\/4057\/revisions\/4059"}],"wp:attachment":[{"href":"https:\/\/laureetdesbois.com\/en\/wp-json\/wp\/v2\/media?parent=4057"}],"curies":[{"name":"wp","href":"https:\/\/api.w.org\/{rel}","templated":true}]}}