{"id":2497,"date":"2026-02-11T22:30:35","date_gmt":"2026-02-11T22:30:35","guid":{"rendered":"https:\/\/laureetdesbois.com\/?post_type=product&#038;p=2497"},"modified":"2026-03-17T16:27:06","modified_gmt":"2026-03-17T16:27:06","slug":"boucles-doreilles-turquoise-dautomne","status":"publish","type":"product","link":"https:\/\/laureetdesbois.com\/en\/product\/boucles-doreilles-turquoise-dautomne\/","title":{"rendered":"Autumn Turquoise Earrings"},"content":{"rendered":"","protected":false},"excerpt":{"rendered":"<p align=\"left\">This pair is woven around a natural turquoise stone, using pine needles gathered in autumn for their warm, reddish tones.<br \/>\nThe hooks are made of sterling silver.<\/p>","protected":false},"featured_media":2763,"template":"","meta":{"_uag_custom_page_level_css":"","site-sidebar-layout":"default","site-content-layout":"","ast-site-content-layout":"default","site-content-style":"default","site-sidebar-style":"default","ast-global-header-display":"","ast-banner-title-visibility":"","ast-main-header-display":"","ast-hfb-above-header-display":"","ast-hfb-below-header-display":"","ast-hfb-mobile-header-display":"","site-post-title":"","ast-breadcrumbs-content":"","ast-featured-img":"","footer-sml-layout":"","ast-disable-related-posts":"","theme-transparent-header-meta":"default","adv-header-id-meta":"","stick-header-meta":"","header-above-stick-meta":"","header-main-stick-meta":"","header-below-stick-meta":"","astra-migrate-meta-layouts":"set","ast-page-background-enabled":"default","ast-page-background-meta":{"desktop":{"background-color":"var(--ast-global-color-4)","background-image":"","background-repeat":"repeat","background-position":"center center","background-size":"auto","background-attachment":"scroll","background-type":"","background-media":"","overlay-type":"","overlay-color":"","overlay-opacity":"","overlay-gradient":""},"tablet":{"background-color":"","background-image":"","background-repeat":"repeat","background-position":"center center","background-size":"auto","background-attachment":"scroll","background-type":"","background-media":"","overlay-type":"","overlay-color":"","overlay-opacity":"","overlay-gradient":""},"mobile":{"background-color":"","background-image":"","background-repeat":"repeat","background-position":"center center","background-size":"auto","background-attachment":"scroll","background-type":"","background-media":"","overlay-type":"","overlay-color":"","overlay-opacity":"","overlay-gradient":""}},"ast-content-background-meta":{"desktop":{"background-color":"var(--ast-global-color-5)","background-image":"","background-repeat":"repeat","background-position":"center center","background-size":"auto","background-attachment":"scroll","background-type":"","background-media":"","overlay-type":"","overlay-color":"","overlay-opacity":"","overlay-gradient":""},"tablet":{"background-color":"var(--ast-global-color-5)","background-image":"","background-repeat":"repeat","background-position":"center center","background-size":"auto","background-attachment":"scroll","background-type":"","background-media":"","overlay-type":"","overlay-color":"","overlay-opacity":"","overlay-gradient":""},"mobile":{"background-color":"var(--ast-global-color-5)","background-image":"","background-repeat":"repeat","background-position":"center center","background-size":"auto","background-attachment":"scroll","background-type":"","background-media":"","overlay-type":"","overlay-color":"","overlay-opacity":"","overlay-gradient":""}}},"product_brand":[],"product_cat":[52],"product_tag":[],"class_list":{"0":"post-2497","1":"product","2":"type-product","3":"status-publish","4":"has-post-thumbnail","6":"product_cat-boucles-doreilles","7":"desktop-align-center","8":"tablet-align-left","9":"mobile-align-left","11":"first","12":"outofstock","13":"taxable","14":"shipping-taxable","15":"purchasable","16":"product-type-simple"},"uagb_featured_image_src":{"full":["https:\/\/laureetdesbois.com\/wp-content\/uploads\/2026\/02\/CP-AG-TRQ-2-scaled.jpg",2557,2560,false],"thumbnail":["https:\/\/laureetdesbois.com\/wp-content\/uploads\/2026\/02\/CP-AG-TRQ-2-150x150.jpg",150,150,true],"medium":["https:\/\/laureetdesbois.com\/wp-content\/uploads\/2026\/02\/CP-AG-TRQ-2-300x300.jpg",300,300,true],"medium_large":["https:\/\/laureetdesbois.com\/wp-content\/uploads\/2026\/02\/CP-AG-TRQ-2-768x769.jpg",768,769,true],"large":["https:\/\/laureetdesbois.com\/wp-content\/uploads\/2026\/02\/CP-AG-TRQ-2-1024x1024.jpg",1024,1024,true],"1536x1536":["https:\/\/laureetdesbois.com\/wp-content\/uploads\/2026\/02\/CP-AG-TRQ-2-1534x1536.jpg",1534,1536,true],"2048x2048":["https:\/\/laureetdesbois.com\/wp-content\/uploads\/2026\/02\/CP-AG-TRQ-2-2045x2048.jpg",2045,2048,true],"trp-custom-language-flag":["https:\/\/laureetdesbois.com\/wp-content\/uploads\/2026\/02\/CP-AG-TRQ-2-scaled.jpg",12,12,false],"woocommerce_thumbnail":["https:\/\/laureetdesbois.com\/wp-content\/uploads\/2026\/02\/CP-AG-TRQ-2-600x600.jpg",600,600,true],"woocommerce_single":["https:\/\/laureetdesbois.com\/wp-content\/uploads\/2026\/02\/CP-AG-TRQ-2-600x600.jpg",600,600,true],"woocommerce_gallery_thumbnail":["https:\/\/laureetdesbois.com\/wp-content\/uploads\/2026\/02\/CP-AG-TRQ-2-100x100.jpg",100,100,true]},"uagb_author_info":{"display_name":"laureetdesbois@gmail.com","author_link":"https:\/\/laureetdesbois.com\/en\/author\/"},"uagb_comment_info":0,"uagb_excerpt":"Cette paire est tress\u00e9e autour d\u2019une pierre naturelle de turquoise, avec des aiguilles de pin r\u00e9colt\u00e9es \u00e0 l\u2019automne pour leurs teintes rougeoyantes. Les crochets sont en argent sterling.","_links":{"self":[{"href":"https:\/\/laureetdesbois.com\/en\/wp-json\/wp\/v2\/product\/2497","targetHints":{"allow":["GET"]}}],"collection":[{"href":"https:\/\/laureetdesbois.com\/en\/wp-json\/wp\/v2\/product"}],"about":[{"href":"https:\/\/laureetdesbois.com\/en\/wp-json\/wp\/v2\/types\/product"}],"wp:featuredmedia":[{"embeddable":true,"href":"https:\/\/laureetdesbois.com\/en\/wp-json\/wp\/v2\/media\/2763"}],"wp:attachment":[{"href":"https:\/\/laureetdesbois.com\/en\/wp-json\/wp\/v2\/media?parent=2497"}],"wp:term":[{"taxonomy":"product_brand","embeddable":true,"href":"https:\/\/laureetdesbois.com\/en\/wp-json\/wp\/v2\/product_brand?post=2497"},{"taxonomy":"product_cat","embeddable":true,"href":"https:\/\/laureetdesbois.com\/en\/wp-json\/wp\/v2\/product_cat?post=2497"},{"taxonomy":"product_tag","embeddable":true,"href":"https:\/\/laureetdesbois.com\/en\/wp-json\/wp\/v2\/product_tag?post=2497"}],"curies":[{"name":"wp","href":"https:\/\/api.w.org\/{rel}","templated":true}]}}