{"id":2770,"date":"2026-02-13T20:52:10","date_gmt":"2026-02-13T20:52:10","guid":{"rendered":"https:\/\/laureetdesbois.com\/?post_type=product&#038;p=2770"},"modified":"2026-03-25T13:59:47","modified_gmt":"2026-03-25T13:59:47","slug":"rose-dargent","status":"publish","type":"product","link":"https:\/\/laureetdesbois.com\/en\/product\/rose-dargent\/","title":{"rendered":"Silver Rose"},"content":{"rendered":"","protected":false},"excerpt":{"rendered":"<p>Extremely lightweight, these earrings are handwoven from three pine needles.<br \/>\nInspired by an origami flower, the pendant evokes a rose, suspended from a sterling silver hook.<br \/>\nAs each needle is unique, every pair features subtle variations in color and texture, making each piece truly one of a kind.<\/p>","protected":false},"featured_media":2772,"template":"","meta":{"_uag_custom_page_level_css":"","site-sidebar-layout":"default","site-content-layout":"","ast-site-content-layout":"default","site-content-style":"default","site-sidebar-style":"default","ast-global-header-display":"","ast-banner-title-visibility":"","ast-main-header-display":"","ast-hfb-above-header-display":"","ast-hfb-below-header-display":"","ast-hfb-mobile-header-display":"","site-post-title":"","ast-breadcrumbs-content":"","ast-featured-img":"","footer-sml-layout":"","ast-disable-related-posts":"","theme-transparent-header-meta":"default","adv-header-id-meta":"","stick-header-meta":"","header-above-stick-meta":"","header-main-stick-meta":"","header-below-stick-meta":"","astra-migrate-meta-layouts":"set","ast-page-background-enabled":"default","ast-page-background-meta":{"desktop":{"background-color":"var(--ast-global-color-4)","background-image":"","background-repeat":"repeat","background-position":"center center","background-size":"auto","background-attachment":"scroll","background-type":"","background-media":"","overlay-type":"","overlay-color":"","overlay-opacity":"","overlay-gradient":""},"tablet":{"background-color":"","background-image":"","background-repeat":"repeat","background-position":"center center","background-size":"auto","background-attachment":"scroll","background-type":"","background-media":"","overlay-type":"","overlay-color":"","overlay-opacity":"","overlay-gradient":""},"mobile":{"background-color":"","background-image":"","background-repeat":"repeat","background-position":"center center","background-size":"auto","background-attachment":"scroll","background-type":"","background-media":"","overlay-type":"","overlay-color":"","overlay-opacity":"","overlay-gradient":""}},"ast-content-background-meta":{"desktop":{"background-color":"var(--ast-global-color-5)","background-image":"","background-repeat":"repeat","background-position":"center center","background-size":"auto","background-attachment":"scroll","background-type":"","background-media":"","overlay-type":"","overlay-color":"","overlay-opacity":"","overlay-gradient":""},"tablet":{"background-color":"var(--ast-global-color-5)","background-image":"","background-repeat":"repeat","background-position":"center center","background-size":"auto","background-attachment":"scroll","background-type":"","background-media":"","overlay-type":"","overlay-color":"","overlay-opacity":"","overlay-gradient":""},"mobile":{"background-color":"var(--ast-global-color-5)","background-image":"","background-repeat":"repeat","background-position":"center center","background-size":"auto","background-attachment":"scroll","background-type":"","background-media":"","overlay-type":"","overlay-color":"","overlay-opacity":"","overlay-gradient":""}}},"product_brand":[],"product_cat":[52],"product_tag":[],"class_list":{"0":"post-2770","1":"product","2":"type-product","3":"status-publish","4":"has-post-thumbnail","6":"product_cat-boucles-doreilles","7":"desktop-align-center","8":"tablet-align-left","9":"mobile-align-left","11":"first","12":"instock","13":"purchasable","14":"product-type-simple"},"uagb_featured_image_src":{"full":["https:\/\/laureetdesbois.com\/wp-content\/uploads\/2026\/02\/Sans-titre2.png",514,514,false],"thumbnail":["https:\/\/laureetdesbois.com\/wp-content\/uploads\/2026\/02\/Sans-titre2-150x150.png",150,150,true],"medium":["https:\/\/laureetdesbois.com\/wp-content\/uploads\/2026\/02\/Sans-titre2-300x300.png",300,300,true],"medium_large":["https:\/\/laureetdesbois.com\/wp-content\/uploads\/2026\/02\/Sans-titre2.png",514,514,false],"large":["https:\/\/laureetdesbois.com\/wp-content\/uploads\/2026\/02\/Sans-titre2.png",514,514,false],"1536x1536":["https:\/\/laureetdesbois.com\/wp-content\/uploads\/2026\/02\/Sans-titre2.png",514,514,false],"2048x2048":["https:\/\/laureetdesbois.com\/wp-content\/uploads\/2026\/02\/Sans-titre2.png",514,514,false],"trp-custom-language-flag":["https:\/\/laureetdesbois.com\/wp-content\/uploads\/2026\/02\/Sans-titre2.png",12,12,false],"woocommerce_thumbnail":["https:\/\/laureetdesbois.com\/wp-content\/uploads\/2026\/02\/Sans-titre2.png",514,514,false],"woocommerce_single":["https:\/\/laureetdesbois.com\/wp-content\/uploads\/2026\/02\/Sans-titre2.png",514,514,false],"woocommerce_gallery_thumbnail":["https:\/\/laureetdesbois.com\/wp-content\/uploads\/2026\/02\/Sans-titre2-100x100.png",100,100,true]},"uagb_author_info":{"display_name":"laureetdesbois@gmail.com","author_link":"https:\/\/laureetdesbois.com\/en\/author\/"},"uagb_comment_info":0,"uagb_excerpt":"Tr\u00e8s l\u00e9g\u00e8res, ces boucles d\u2019oreilles sont tress\u00e9es \u00e0 la main \u00e0 partir de trois aiguilles de pin laricio. Le pendentif, inspir\u00e9 d\u2019une fleur d\u2019origami, \u00e9voque une rose, suspendue \u00e0 un crochet en argent sterling. Chaque aiguille \u00e9tant unique, chaque paire pr\u00e9sente de l\u00e9g\u00e8res variations de couleur et de texture, faisant de ces boucles un bijou&hellip;","_links":{"self":[{"href":"https:\/\/laureetdesbois.com\/en\/wp-json\/wp\/v2\/product\/2770","targetHints":{"allow":["GET"]}}],"collection":[{"href":"https:\/\/laureetdesbois.com\/en\/wp-json\/wp\/v2\/product"}],"about":[{"href":"https:\/\/laureetdesbois.com\/en\/wp-json\/wp\/v2\/types\/product"}],"wp:featuredmedia":[{"embeddable":true,"href":"https:\/\/laureetdesbois.com\/en\/wp-json\/wp\/v2\/media\/2772"}],"wp:attachment":[{"href":"https:\/\/laureetdesbois.com\/en\/wp-json\/wp\/v2\/media?parent=2770"}],"wp:term":[{"taxonomy":"product_brand","embeddable":true,"href":"https:\/\/laureetdesbois.com\/en\/wp-json\/wp\/v2\/product_brand?post=2770"},{"taxonomy":"product_cat","embeddable":true,"href":"https:\/\/laureetdesbois.com\/en\/wp-json\/wp\/v2\/product_cat?post=2770"},{"taxonomy":"product_tag","embeddable":true,"href":"https:\/\/laureetdesbois.com\/en\/wp-json\/wp\/v2\/product_tag?post=2770"}],"curies":[{"name":"wp","href":"https:\/\/api.w.org\/{rel}","templated":true}]}}