{"id":4117,"date":"2026-03-01T18:46:15","date_gmt":"2026-03-01T18:46:15","guid":{"rendered":"https:\/\/laureetdesbois.com\/?post_type=product&#038;p=4117"},"modified":"2026-03-25T14:00:47","modified_gmt":"2026-03-25T14:00:47","slug":"boucles-doreille-turquoise-plaque-or","status":"publish","type":"product","link":"https:\/\/laureetdesbois.com\/en\/product\/boucles-doreille-turquoise-plaque-or\/","title":{"rendered":"Gold-Plated Earrings with Turquoise"},"content":{"rendered":"","protected":false},"excerpt":{"rendered":"<p>These earrings are entirely handwoven with Laricio pine needles around a natural turquoise stone.<br \/>\nThe weaving follows the shape of the stone to create a lightweight piece, crafted from locally gathered natural materials.<br \/>\nMounted on gold-plated hoops.<br \/>\nOne of a kind only one pair available.<\/p>","protected":false},"featured_media":3405,"template":"","meta":{"_uag_custom_page_level_css":"","site-sidebar-layout":"default","site-content-layout":"","ast-site-content-layout":"default","site-content-style":"default","site-sidebar-style":"default","ast-global-header-display":"","ast-banner-title-visibility":"","ast-main-header-display":"","ast-hfb-above-header-display":"","ast-hfb-below-header-display":"","ast-hfb-mobile-header-display":"","site-post-title":"","ast-breadcrumbs-content":"","ast-featured-img":"","footer-sml-layout":"","ast-disable-related-posts":"","theme-transparent-header-meta":"default","adv-header-id-meta":"","stick-header-meta":"","header-above-stick-meta":"","header-main-stick-meta":"","header-below-stick-meta":"","astra-migrate-meta-layouts":"set","ast-page-background-enabled":"default","ast-page-background-meta":{"desktop":{"background-color":"var(--ast-global-color-4)","background-image":"","background-repeat":"repeat","background-position":"center center","background-size":"auto","background-attachment":"scroll","background-type":"","background-media":"","overlay-type":"","overlay-color":"","overlay-opacity":"","overlay-gradient":""},"tablet":{"background-color":"","background-image":"","background-repeat":"repeat","background-position":"center center","background-size":"auto","background-attachment":"scroll","background-type":"","background-media":"","overlay-type":"","overlay-color":"","overlay-opacity":"","overlay-gradient":""},"mobile":{"background-color":"","background-image":"","background-repeat":"repeat","background-position":"center center","background-size":"auto","background-attachment":"scroll","background-type":"","background-media":"","overlay-type":"","overlay-color":"","overlay-opacity":"","overlay-gradient":""}},"ast-content-background-meta":{"desktop":{"background-color":"var(--ast-global-color-5)","background-image":"","background-repeat":"repeat","background-position":"center center","background-size":"auto","background-attachment":"scroll","background-type":"","background-media":"","overlay-type":"","overlay-color":"","overlay-opacity":"","overlay-gradient":""},"tablet":{"background-color":"var(--ast-global-color-5)","background-image":"","background-repeat":"repeat","background-position":"center center","background-size":"auto","background-attachment":"scroll","background-type":"","background-media":"","overlay-type":"","overlay-color":"","overlay-opacity":"","overlay-gradient":""},"mobile":{"background-color":"var(--ast-global-color-5)","background-image":"","background-repeat":"repeat","background-position":"center center","background-size":"auto","background-attachment":"scroll","background-type":"","background-media":"","overlay-type":"","overlay-color":"","overlay-opacity":"","overlay-gradient":""}}},"product_brand":[],"product_cat":[52],"product_tag":[],"class_list":{"0":"post-4117","1":"product","2":"type-product","3":"status-publish","4":"has-post-thumbnail","6":"product_cat-boucles-doreilles","7":"desktop-align-center","8":"tablet-align-left","9":"mobile-align-left","11":"first","12":"instock","13":"sold-individually","14":"purchasable","15":"product-type-simple"},"uagb_featured_image_src":{"full":["https:\/\/laureetdesbois.com\/wp-content\/uploads\/2026\/02\/CP-OR-TRQ-1-scaled.jpg",2560,2560,false],"thumbnail":["https:\/\/laureetdesbois.com\/wp-content\/uploads\/2026\/02\/CP-OR-TRQ-1-150x150.jpg",150,150,true],"medium":["https:\/\/laureetdesbois.com\/wp-content\/uploads\/2026\/02\/CP-OR-TRQ-1-300x300.jpg",300,300,true],"medium_large":["https:\/\/laureetdesbois.com\/wp-content\/uploads\/2026\/02\/CP-OR-TRQ-1-768x768.jpg",768,768,true],"large":["https:\/\/laureetdesbois.com\/wp-content\/uploads\/2026\/02\/CP-OR-TRQ-1-1024x1024.jpg",1024,1024,true],"1536x1536":["https:\/\/laureetdesbois.com\/wp-content\/uploads\/2026\/02\/CP-OR-TRQ-1-1536x1536.jpg",1536,1536,true],"2048x2048":["https:\/\/laureetdesbois.com\/wp-content\/uploads\/2026\/02\/CP-OR-TRQ-1-2048x2048.jpg",2048,2048,true],"trp-custom-language-flag":["https:\/\/laureetdesbois.com\/wp-content\/uploads\/2026\/02\/CP-OR-TRQ-1-scaled.jpg",12,12,false],"woocommerce_thumbnail":["https:\/\/laureetdesbois.com\/wp-content\/uploads\/2026\/02\/CP-OR-TRQ-1-600x600.jpg",600,600,true],"woocommerce_single":["https:\/\/laureetdesbois.com\/wp-content\/uploads\/2026\/02\/CP-OR-TRQ-1-600x600.jpg",600,600,true],"woocommerce_gallery_thumbnail":["https:\/\/laureetdesbois.com\/wp-content\/uploads\/2026\/02\/CP-OR-TRQ-1-100x100.jpg",100,100,true]},"uagb_author_info":{"display_name":"laureetdesbois@gmail.com","author_link":"https:\/\/laureetdesbois.com\/en\/author\/"},"uagb_comment_info":0,"uagb_excerpt":"Boucles d\u2019oreille enti\u00e8rement tress\u00e9es \u00e0 la main en aiguilles de pin laricio autour d\u2019une pierre naturelle de turquoise. Le tressage suit la forme de la pierre pour cr\u00e9er une pi\u00e8ce l\u00e9g\u00e8re, r\u00e9alis\u00e9e \u00e0 partir de mat\u00e9riaux naturels r\u00e9colt\u00e9s localement. Mont\u00e9es sur des cr\u00e9oles en plaqu\u00e9 or. Une seule paire disponible.","_links":{"self":[{"href":"https:\/\/laureetdesbois.com\/en\/wp-json\/wp\/v2\/product\/4117","targetHints":{"allow":["GET"]}}],"collection":[{"href":"https:\/\/laureetdesbois.com\/en\/wp-json\/wp\/v2\/product"}],"about":[{"href":"https:\/\/laureetdesbois.com\/en\/wp-json\/wp\/v2\/types\/product"}],"wp:featuredmedia":[{"embeddable":true,"href":"https:\/\/laureetdesbois.com\/en\/wp-json\/wp\/v2\/media\/3405"}],"wp:attachment":[{"href":"https:\/\/laureetdesbois.com\/en\/wp-json\/wp\/v2\/media?parent=4117"}],"wp:term":[{"taxonomy":"product_brand","embeddable":true,"href":"https:\/\/laureetdesbois.com\/en\/wp-json\/wp\/v2\/product_brand?post=4117"},{"taxonomy":"product_cat","embeddable":true,"href":"https:\/\/laureetdesbois.com\/en\/wp-json\/wp\/v2\/product_cat?post=4117"},{"taxonomy":"product_tag","embeddable":true,"href":"https:\/\/laureetdesbois.com\/en\/wp-json\/wp\/v2\/product_tag?post=4117"}],"curies":[{"name":"wp","href":"https:\/\/api.w.org\/{rel}","templated":true}]}}