{"id":4124,"date":"2026-03-17T16:18:49","date_gmt":"2026-03-17T16:18:49","guid":{"rendered":"https:\/\/laureetdesbois.com\/?post_type=product&#038;p=4124"},"modified":"2026-03-17T16:23:35","modified_gmt":"2026-03-17T16:23:35","slug":"bloucles-doreilles-laiton-oeil-de-tigre","status":"publish","type":"product","link":"https:\/\/laureetdesbois.com\/en\/product\/bloucles-doreilles-laiton-oeil-de-tigre\/","title":{"rendered":"Brass Earrings with Tiger\u2019s Eye Stone"},"content":{"rendered":"","protected":false},"excerpt":{"rendered":"<p>This pair of earrings is handwoven with Laricio pine needles, using a pattern known as the \u201clace knot.\u201d<\/p>\n<p>A tiger\u2019s eye stone forms the heart of the weaving, highlighting the intricate interlacing of the pine needles, suspended from brass hooks.<\/p>\n<p>Like all pine needle earrings, they are extremely lightweight and comfortable for everyday wear.<\/p>\n<p>Each pair is unique : the color and size of the pine needles naturally vary. Over time, the shade evolves gently, as with all plant-based materials.<\/p>","protected":false},"featured_media":4125,"template":"","meta":{"_uag_custom_page_level_css":"","site-sidebar-layout":"default","site-content-layout":"","ast-site-content-layout":"default","site-content-style":"default","site-sidebar-style":"default","ast-global-header-display":"","ast-banner-title-visibility":"","ast-main-header-display":"","ast-hfb-above-header-display":"","ast-hfb-below-header-display":"","ast-hfb-mobile-header-display":"","site-post-title":"","ast-breadcrumbs-content":"","ast-featured-img":"","footer-sml-layout":"","ast-disable-related-posts":"","theme-transparent-header-meta":"default","adv-header-id-meta":"","stick-header-meta":"","header-above-stick-meta":"","header-main-stick-meta":"","header-below-stick-meta":"","astra-migrate-meta-layouts":"set","ast-page-background-enabled":"default","ast-page-background-meta":{"desktop":{"background-color":"var(--ast-global-color-4)","background-image":"","background-repeat":"repeat","background-position":"center center","background-size":"auto","background-attachment":"scroll","background-type":"","background-media":"","overlay-type":"","overlay-color":"","overlay-opacity":"","overlay-gradient":""},"tablet":{"background-color":"","background-image":"","background-repeat":"repeat","background-position":"center center","background-size":"auto","background-attachment":"scroll","background-type":"","background-media":"","overlay-type":"","overlay-color":"","overlay-opacity":"","overlay-gradient":""},"mobile":{"background-color":"","background-image":"","background-repeat":"repeat","background-position":"center center","background-size":"auto","background-attachment":"scroll","background-type":"","background-media":"","overlay-type":"","overlay-color":"","overlay-opacity":"","overlay-gradient":""}},"ast-content-background-meta":{"desktop":{"background-color":"var(--ast-global-color-5)","background-image":"","background-repeat":"repeat","background-position":"center center","background-size":"auto","background-attachment":"scroll","background-type":"","background-media":"","overlay-type":"","overlay-color":"","overlay-opacity":"","overlay-gradient":""},"tablet":{"background-color":"var(--ast-global-color-5)","background-image":"","background-repeat":"repeat","background-position":"center center","background-size":"auto","background-attachment":"scroll","background-type":"","background-media":"","overlay-type":"","overlay-color":"","overlay-opacity":"","overlay-gradient":""},"mobile":{"background-color":"var(--ast-global-color-5)","background-image":"","background-repeat":"repeat","background-position":"center center","background-size":"auto","background-attachment":"scroll","background-type":"","background-media":"","overlay-type":"","overlay-color":"","overlay-opacity":"","overlay-gradient":""}}},"product_brand":[],"product_cat":[52],"product_tag":[],"class_list":{"0":"post-4124","1":"product","2":"type-product","3":"status-publish","4":"has-post-thumbnail","6":"product_cat-boucles-doreilles","7":"desktop-align-center","8":"tablet-align-left","9":"mobile-align-left","11":"first","12":"instock","13":"purchasable","14":"product-type-simple"},"uagb_featured_image_src":{"full":["https:\/\/laureetdesbois.com\/wp-content\/uploads\/2026\/03\/CDP-Oeil-de-tigre-scaled.jpg",2560,2560,false],"thumbnail":["https:\/\/laureetdesbois.com\/wp-content\/uploads\/2026\/03\/CDP-Oeil-de-tigre-150x150.jpg",150,150,true],"medium":["https:\/\/laureetdesbois.com\/wp-content\/uploads\/2026\/03\/CDP-Oeil-de-tigre-300x300.jpg",300,300,true],"medium_large":["https:\/\/laureetdesbois.com\/wp-content\/uploads\/2026\/03\/CDP-Oeil-de-tigre-768x768.jpg",768,768,true],"large":["https:\/\/laureetdesbois.com\/wp-content\/uploads\/2026\/03\/CDP-Oeil-de-tigre-1024x1024.jpg",1024,1024,true],"1536x1536":["https:\/\/laureetdesbois.com\/wp-content\/uploads\/2026\/03\/CDP-Oeil-de-tigre-1536x1536.jpg",1536,1536,true],"2048x2048":["https:\/\/laureetdesbois.com\/wp-content\/uploads\/2026\/03\/CDP-Oeil-de-tigre-2048x2048.jpg",2048,2048,true],"trp-custom-language-flag":["https:\/\/laureetdesbois.com\/wp-content\/uploads\/2026\/03\/CDP-Oeil-de-tigre-12x12.jpg",12,12,true],"woocommerce_thumbnail":["https:\/\/laureetdesbois.com\/wp-content\/uploads\/2026\/03\/CDP-Oeil-de-tigre-600x600.jpg",600,600,true],"woocommerce_single":["https:\/\/laureetdesbois.com\/wp-content\/uploads\/2026\/03\/CDP-Oeil-de-tigre-600x600.jpg",600,600,true],"woocommerce_gallery_thumbnail":["https:\/\/laureetdesbois.com\/wp-content\/uploads\/2026\/03\/CDP-Oeil-de-tigre-100x100.jpg",100,100,true]},"uagb_author_info":{"display_name":"laureetdesbois@gmail.com","author_link":"https:\/\/laureetdesbois.com\/en\/author\/"},"uagb_comment_info":0,"uagb_excerpt":"Cette paire de boucles d\u2019oreilles est tress\u00e9e \u00e0 la main avec des aiguilles de pin laricio, selon un motif appel\u00e9 \u00ab n\u0153ud de dentelle \u00bb. La pierre d\u2019\u0153il de tigre forme le c\u0153ur du tressage et met en valeur l\u2019entrelacs des aiguilles de pin, suspendu \u00e0 des crochet en laiton. Comme toutes les boucles d\u2019oreilles&hellip;","_links":{"self":[{"href":"https:\/\/laureetdesbois.com\/en\/wp-json\/wp\/v2\/product\/4124","targetHints":{"allow":["GET"]}}],"collection":[{"href":"https:\/\/laureetdesbois.com\/en\/wp-json\/wp\/v2\/product"}],"about":[{"href":"https:\/\/laureetdesbois.com\/en\/wp-json\/wp\/v2\/types\/product"}],"wp:featuredmedia":[{"embeddable":true,"href":"https:\/\/laureetdesbois.com\/en\/wp-json\/wp\/v2\/media\/4125"}],"wp:attachment":[{"href":"https:\/\/laureetdesbois.com\/en\/wp-json\/wp\/v2\/media?parent=4124"}],"wp:term":[{"taxonomy":"product_brand","embeddable":true,"href":"https:\/\/laureetdesbois.com\/en\/wp-json\/wp\/v2\/product_brand?post=4124"},{"taxonomy":"product_cat","embeddable":true,"href":"https:\/\/laureetdesbois.com\/en\/wp-json\/wp\/v2\/product_cat?post=4124"},{"taxonomy":"product_tag","embeddable":true,"href":"https:\/\/laureetdesbois.com\/en\/wp-json\/wp\/v2\/product_tag?post=4124"}],"curies":[{"name":"wp","href":"https:\/\/api.w.org\/{rel}","templated":true}]}}