{"id":4128,"date":"2026-03-30T08:36:14","date_gmt":"2026-03-30T08:36:14","guid":{"rendered":"https:\/\/laureetdesbois.com\/?post_type=product&#038;p=4128"},"modified":"2026-03-30T09:00:06","modified_gmt":"2026-03-30T09:00:06","slug":"boucles-doreilles-petite-rose","status":"publish","type":"product","link":"https:\/\/laureetdesbois.com\/en\/product\/boucles-doreilles-petite-rose\/","title":{"rendered":"Petite Rose Pine Needle Earrings"},"content":{"rendered":"","protected":false},"excerpt":{"rendered":"<p>So light you almost forget you are wearing them, the Petite Rose earrings are made from three Aleppo pine needles delicately intertwined to form a fine and delicate knot.<br \/>\nInspired by origami, this knot evokes a stylized rose, simple and elegant.\nEach knot is mounted on stainless steel 316 studs, available in gold or silver finish.<br \/>\nEach pair is unique: the color and size of the pine needles naturally vary. Over time, the shade will slowly evolve, like any plant-based material.<\/p>\n<p>Each pair is unique : the color and size of the pine needles naturally vary. Over time, the shade evolves gently, as with all plant-based materials.<\/p>","protected":false},"featured_media":4145,"template":"","meta":{"_uag_custom_page_level_css":"","site-sidebar-layout":"default","site-content-layout":"","ast-site-content-layout":"default","site-content-style":"default","site-sidebar-style":"default","ast-global-header-display":"","ast-banner-title-visibility":"","ast-main-header-display":"","ast-hfb-above-header-display":"","ast-hfb-below-header-display":"","ast-hfb-mobile-header-display":"","site-post-title":"","ast-breadcrumbs-content":"","ast-featured-img":"","footer-sml-layout":"","ast-disable-related-posts":"","theme-transparent-header-meta":"default","adv-header-id-meta":"","stick-header-meta":"","header-above-stick-meta":"","header-main-stick-meta":"","header-below-stick-meta":"","astra-migrate-meta-layouts":"set","ast-page-background-enabled":"default","ast-page-background-meta":{"desktop":{"background-color":"var(--ast-global-color-4)","background-image":"","background-repeat":"repeat","background-position":"center center","background-size":"auto","background-attachment":"scroll","background-type":"","background-media":"","overlay-type":"","overlay-color":"","overlay-opacity":"","overlay-gradient":""},"tablet":{"background-color":"","background-image":"","background-repeat":"repeat","background-position":"center center","background-size":"auto","background-attachment":"scroll","background-type":"","background-media":"","overlay-type":"","overlay-color":"","overlay-opacity":"","overlay-gradient":""},"mobile":{"background-color":"","background-image":"","background-repeat":"repeat","background-position":"center center","background-size":"auto","background-attachment":"scroll","background-type":"","background-media":"","overlay-type":"","overlay-color":"","overlay-opacity":"","overlay-gradient":""}},"ast-content-background-meta":{"desktop":{"background-color":"var(--ast-global-color-5)","background-image":"","background-repeat":"repeat","background-position":"center center","background-size":"auto","background-attachment":"scroll","background-type":"","background-media":"","overlay-type":"","overlay-color":"","overlay-opacity":"","overlay-gradient":""},"tablet":{"background-color":"var(--ast-global-color-5)","background-image":"","background-repeat":"repeat","background-position":"center center","background-size":"auto","background-attachment":"scroll","background-type":"","background-media":"","overlay-type":"","overlay-color":"","overlay-opacity":"","overlay-gradient":""},"mobile":{"background-color":"var(--ast-global-color-5)","background-image":"","background-repeat":"repeat","background-position":"center center","background-size":"auto","background-attachment":"scroll","background-type":"","background-media":"","overlay-type":"","overlay-color":"","overlay-opacity":"","overlay-gradient":""}}},"product_brand":[],"product_cat":[52],"product_tag":[],"class_list":{"0":"post-4128","1":"product","2":"type-product","3":"status-publish","4":"has-post-thumbnail","6":"product_cat-boucles-doreilles","7":"desktop-align-center","8":"tablet-align-left","9":"mobile-align-left","11":"first","12":"instock","13":"purchasable","14":"product-type-variable"},"uagb_featured_image_src":{"full":["https:\/\/laureetdesbois.com\/wp-content\/uploads\/2026\/03\/petite-rose-inox-argente-scaled.jpg",2560,2560,false],"thumbnail":["https:\/\/laureetdesbois.com\/wp-content\/uploads\/2026\/03\/petite-rose-inox-argente-150x150.jpg",150,150,true],"medium":["https:\/\/laureetdesbois.com\/wp-content\/uploads\/2026\/03\/petite-rose-inox-argente-300x300.jpg",300,300,true],"medium_large":["https:\/\/laureetdesbois.com\/wp-content\/uploads\/2026\/03\/petite-rose-inox-argente-768x768.jpg",768,768,true],"large":["https:\/\/laureetdesbois.com\/wp-content\/uploads\/2026\/03\/petite-rose-inox-argente-1024x1024.jpg",1024,1024,true],"1536x1536":["https:\/\/laureetdesbois.com\/wp-content\/uploads\/2026\/03\/petite-rose-inox-argente-1536x1536.jpg",1536,1536,true],"2048x2048":["https:\/\/laureetdesbois.com\/wp-content\/uploads\/2026\/03\/petite-rose-inox-argente-2048x2048.jpg",2048,2048,true],"trp-custom-language-flag":["https:\/\/laureetdesbois.com\/wp-content\/uploads\/2026\/03\/petite-rose-inox-argente-12x12.jpg",12,12,true],"woocommerce_thumbnail":["https:\/\/laureetdesbois.com\/wp-content\/uploads\/2026\/03\/petite-rose-inox-argente-600x600.jpg",600,600,true],"woocommerce_single":["https:\/\/laureetdesbois.com\/wp-content\/uploads\/2026\/03\/petite-rose-inox-argente-600x600.jpg",600,600,true],"woocommerce_gallery_thumbnail":["https:\/\/laureetdesbois.com\/wp-content\/uploads\/2026\/03\/petite-rose-inox-argente-100x100.jpg",100,100,true]},"uagb_author_info":{"display_name":"laureetdesbois@gmail.com","author_link":"https:\/\/laureetdesbois.com\/en\/author\/"},"uagb_comment_info":0,"uagb_excerpt":"Tellement l\u00e9g\u00e8res qu\u2019on en oublie qu\u2019on les porte, les boucles d\u2019oreilles Petite Rose sont confectionn\u00e9es \u00e0 partir de trois aiguilles de pin laricio d\u00e9licatement entrelac\u00e9es pour former un n\u0153ud fin et d\u00e9licat. Inspir\u00e9 de l\u2019origami, ce n\u0153ud \u00e9voque une rose stylis\u00e9e, simple et \u00e9l\u00e9gante. Chaque entrelacs est mont\u00e9 sur des clous en acier inoxydable 316,&hellip;","_links":{"self":[{"href":"https:\/\/laureetdesbois.com\/en\/wp-json\/wp\/v2\/product\/4128","targetHints":{"allow":["GET"]}}],"collection":[{"href":"https:\/\/laureetdesbois.com\/en\/wp-json\/wp\/v2\/product"}],"about":[{"href":"https:\/\/laureetdesbois.com\/en\/wp-json\/wp\/v2\/types\/product"}],"wp:featuredmedia":[{"embeddable":true,"href":"https:\/\/laureetdesbois.com\/en\/wp-json\/wp\/v2\/media\/4145"}],"wp:attachment":[{"href":"https:\/\/laureetdesbois.com\/en\/wp-json\/wp\/v2\/media?parent=4128"}],"wp:term":[{"taxonomy":"product_brand","embeddable":true,"href":"https:\/\/laureetdesbois.com\/en\/wp-json\/wp\/v2\/product_brand?post=4128"},{"taxonomy":"product_cat","embeddable":true,"href":"https:\/\/laureetdesbois.com\/en\/wp-json\/wp\/v2\/product_cat?post=4128"},{"taxonomy":"product_tag","embeddable":true,"href":"https:\/\/laureetdesbois.com\/en\/wp-json\/wp\/v2\/product_tag?post=4128"}],"curies":[{"name":"wp","href":"https:\/\/api.w.org\/{rel}","templated":true}]}}